{"id":255,"date":"2020-12-20T15:57:38","date_gmt":"2020-12-20T15:57:38","guid":{"rendered":"https:\/\/optimistic-cloud.at\/?page_id=255"},"modified":"2022-05-09T19:55:26","modified_gmt":"2022-05-09T19:55:26","slug":"about-me","status":"publish","type":"page","link":"https:\/\/optimistic-cloud.at\/?page_id=255","title":{"rendered":"\u00dcber mich"},"content":{"rendered":"\n<p class=\"has-text-align-center\">Was solltest du \u00fcber mich wissen ? <\/p>\n\n\n\n<p class=\"has-text-align-center\"><\/p>\n\n\n\n<p class=\"has-text-align-center\">Seit Jahren besch\u00e4ftige ich mich intensiv mit allem was mit W\u00f6rtern zu tun hat. Prim\u00e4r war dies mein Beginn. Ich merkte sehr schnell, dass alleine mit der Sprache und vor allem dem &#8222;Wie&#8220; sehr viel erreichen und gemeinsam weitertreiben kann. <br><br>Mir waren immer jene ein gutes Beispiel und ein guter Lehrer, wo ersichtlich war, wenn es sich selbst schwer gemacht wurde. Ich \u00fcberlegte dann, wie ich es anders machen w\u00fcrde. Nicht besser &#8211; anders als die Art, welche mich nicht angesprochen hat. <br><br>Auf meinem Weg habe ich auch gemerkt, dass meine Feedbacks sehr gerne angenommen werden. <br>Sei es in schwierigen Gespr\u00e4chen oder in der Formulierung einer wichtigen Mail in jegliche Richtung. <br><br>Wir machen uns mit W\u00f6rtern das Leben entweder selbst schwer oder aber wir haben Spass dabei durch zu maschieren und zu beobachten. <br><br>Wenn du genau hinsiehst, merkst du schnell wie dein Gegen\u00fcber auf dich und deine Worte reagiert. Es gibt soviel Facetten &#8211; erstaunt, vor den Kopf gestossen, inspiriert, motiviert, gut gelaunt, schlecht gelaunt, f\u00fcrsprechend oder auch ablehnend. <br><br>Es bedeutet nicht, dass du eine schwierige Aufgabe jedesmal mit lachenden und freudigen Reaktionen umsetzen kannst. Du kannst allerdings bewirken, dass ein Verst\u00e4ndnis f\u00fcr diese Aufgabe vorhanden ist. <br>Du kannst nicht immer erwarten, dass deine Idee auch ein Feuer in anderen entfacht &#8211; du kannst aber daf\u00fcr sorgen, dass die richtigen dein Feuer erkennen. <\/p>\n\n\n\n<p class=\"has-text-align-center\">Mein erstes Buch zu diesem Thema war Fish! und ich bekam es damals von meinem Papa geschenkt. Etwa 20 Jahre liegt das nun retour. Es liegen zwischen mir damals und heute &#8211; viele schwierige Gespr\u00e4che, viele &#8222;blutige Nasen&#8220; auf meinem Weg, vieles, dass falsch verstanden wurde und vieles, welches ich anders meinte als ich es sagte. <br><br>Eine solche Reise ist nie zu Ende und gerade das ist das sch\u00f6ne an diesem Thema &#8211; es gibt immer wieder etwas zu entdecken. <br><br>Menschen sind keine Maschinen und vieles kann man nicht hervorsehen &#8211; wichtig ist, auf das was geschieht und gesagt wird zu reagieren. &#8222;Keine Antwort ist auch eine Antwort&#8220; &#8211; meistens eine falsche. Nicht alles ben\u00f6tigt auch immer eine Reaktion. Es ist nicht schwarz und nicht wei\u00df &#8211; aber eines ist es immer &#8211; 1 oder 0 <\/p>\n","protected":false},"excerpt":{"rendered":"<p>Was solltest du \u00fcber mich wissen ? Seit Jahren besch\u00e4ftige ich mich intensiv mit allem was mit W\u00f6rtern zu tun hat. Prim\u00e4r war dies mein Beginn. Ich merkte sehr schnell, dass alleine mit der Sprache und vor allem dem &#8222;Wie&#8220; sehr viel erreichen und gemeinsam weitertreiben kann. Mir waren immer jene ein gutes Beispiel und<\/p><\/div>\n<div class=\"blog-btn\"><a href=\"https:\/\/optimistic-cloud.at\/?page_id=255\" class=\"home-blog-btn\">Weiterlesen<\/a><\/p>\n","protected":false},"author":1,"featured_media":0,"parent":0,"menu_order":0,"comment_status":"closed","ping_status":"closed","template":"","meta":{"_acf_changed":false,"footnotes":""},"class_list":["post-255","page","type-page","status-publish","hentry"],"acf":[],"_links":{"self":[{"href":"https:\/\/optimistic-cloud.at\/index.php?rest_route=\/wp\/v2\/pages\/255","targetHints":{"allow":["GET"]}}],"collection":[{"href":"https:\/\/optimistic-cloud.at\/index.php?rest_route=\/wp\/v2\/pages"}],"about":[{"href":"https:\/\/optimistic-cloud.at\/index.php?rest_route=\/wp\/v2\/types\/page"}],"author":[{"embeddable":true,"href":"https:\/\/optimistic-cloud.at\/index.php?rest_route=\/wp\/v2\/users\/1"}],"replies":[{"embeddable":true,"href":"https:\/\/optimistic-cloud.at\/index.php?rest_route=%2Fwp%2Fv2%2Fcomments&post=255"}],"version-history":[{"count":4,"href":"https:\/\/optimistic-cloud.at\/index.php?rest_route=\/wp\/v2\/pages\/255\/revisions"}],"predecessor-version":[{"id":594,"href":"https:\/\/optimistic-cloud.at\/index.php?rest_route=\/wp\/v2\/pages\/255\/revisions\/594"}],"wp:attachment":[{"href":"https:\/\/optimistic-cloud.at\/index.php?rest_route=%2Fwp%2Fv2%2Fmedia&parent=255"}],"curies":[{"name":"wp","href":"https:\/\/api.w.org\/{rel}","templated":true}]}}