{"id":362,"date":"2022-01-06T11:03:55","date_gmt":"2022-01-06T11:03:55","guid":{"rendered":"https:\/\/optimistic-cloud.at\/?page_id=362"},"modified":"2022-05-09T19:45:22","modified_gmt":"2022-05-09T19:45:22","slug":"was-ist-mein-herzblut","status":"publish","type":"page","link":"https:\/\/optimistic-cloud.at\/?page_id=362","title":{"rendered":"Was ist mein Herzblut"},"content":{"rendered":"\n<p class=\"has-text-align-center has-text-color\" style=\"color:#ce9498\">Mein Herzblut steckt in allem was auch nur im Ansatz nur mit W\u00f6rtern oder Kreativit\u00e4t zu tun hat. <\/p>\n\n\n\n<p class=\"has-text-align-center has-text-color\" style=\"color:#ce9498\">Sei es in Briefen, Ausschreibungen, Mails, Vortr\u00e4gen, Bewerbungen, Pitches, Homepages, sonstigen Texten und allem anderen solange <br>zu feilen bis die Botschaft die richtige ist. <\/p>\n\n\n\n<p class=\"has-text-align-center has-text-color\" style=\"color:#ce9498\">Sei es in Sachen Leadership immer wieder neue Ans\u00e4tze und Herangehensweisen zu finden. Sich mit <br>anderen \u00fcber das Thema zu unterhalten. Es bedingungslos zu Leben und auch in schwierigen Zeiten <br>standhaft zu sein. <br><br>Ich glaube an meine Visionen wie ein morgen aussehen kann und stelle die Weichen schon daf\u00fcr.<\/p>\n\n\n\n<p class=\"has-text-align-center has-text-color\" style=\"color:#ce9498\">Andere f\u00fcr Leadership zu begeistern oder auch Inputs f\u00fcr herausfordernde Gespr\u00e4che oder Situationen zu <br>geben. <br><br>Und in Zeiten wie dieser, in welcher die Digitalisierung unaufhaltsam mit schnellem Tempo auf uns zu rast, &#8218;0 <br>bin ich trotzdem ein Papier Mensch. Mein Herzblut ist es Dinge nierderzuschreiben, zu manifestieren, <br>darin zu bl\u00e4ttern und wichtiges festzuhalten. <br><br>Mein Herzblut steckt in allen Dingen welche ich mache. Hier gibt es nur 1 und 0 &#8211; und 1 ist immer 100%. <br>Das was ich mache und dem ich meine Zeit widme bekommen von mir immer die komplette Beachtung und mein Herzblut. <\/p>\n\n\n\n<p class=\"has-text-align-center\"><br><\/p>\n","protected":false},"excerpt":{"rendered":"<p>Mein Herzblut steckt in allem was auch nur im Ansatz nur mit W\u00f6rtern oder Kreativit\u00e4t zu tun hat. Sei es in Briefen, Ausschreibungen, Mails, Vortr\u00e4gen, Bewerbungen, Pitches, Homepages, sonstigen Texten und allem anderen solange zu feilen bis die Botschaft die richtige ist. Sei es in Sachen Leadership immer wieder neue Ans\u00e4tze und Herangehensweisen zu finden.<\/p><\/div>\n<div class=\"blog-btn\"><a href=\"https:\/\/optimistic-cloud.at\/?page_id=362\" class=\"home-blog-btn\">Weiterlesen<\/a><\/p>\n","protected":false},"author":1,"featured_media":0,"parent":0,"menu_order":0,"comment_status":"closed","ping_status":"closed","template":"","meta":{"_acf_changed":false,"footnotes":""},"class_list":["post-362","page","type-page","status-publish","hentry"],"acf":[],"_links":{"self":[{"href":"https:\/\/optimistic-cloud.at\/index.php?rest_route=\/wp\/v2\/pages\/362","targetHints":{"allow":["GET"]}}],"collection":[{"href":"https:\/\/optimistic-cloud.at\/index.php?rest_route=\/wp\/v2\/pages"}],"about":[{"href":"https:\/\/optimistic-cloud.at\/index.php?rest_route=\/wp\/v2\/types\/page"}],"author":[{"embeddable":true,"href":"https:\/\/optimistic-cloud.at\/index.php?rest_route=\/wp\/v2\/users\/1"}],"replies":[{"embeddable":true,"href":"https:\/\/optimistic-cloud.at\/index.php?rest_route=%2Fwp%2Fv2%2Fcomments&post=362"}],"version-history":[{"count":7,"href":"https:\/\/optimistic-cloud.at\/index.php?rest_route=\/wp\/v2\/pages\/362\/revisions"}],"predecessor-version":[{"id":591,"href":"https:\/\/optimistic-cloud.at\/index.php?rest_route=\/wp\/v2\/pages\/362\/revisions\/591"}],"wp:attachment":[{"href":"https:\/\/optimistic-cloud.at\/index.php?rest_route=%2Fwp%2Fv2%2Fmedia&parent=362"}],"curies":[{"name":"wp","href":"https:\/\/api.w.org\/{rel}","templated":true}]}}