{"id":414,"date":"2022-01-06T12:10:38","date_gmt":"2022-01-06T12:10:38","guid":{"rendered":"https:\/\/optimistic-cloud.at\/?page_id=414"},"modified":"2022-01-06T15:21:12","modified_gmt":"2022-01-06T15:21:12","slug":"feedback-2","status":"publish","type":"page","link":"https:\/\/optimistic-cloud.at\/?page_id=414","title":{"rendered":"Feedback"},"content":{"rendered":"\n<p>&#8222;Es ist so leicht dir zuzuh\u00f6ren&#8220; <\/p>\n\n\n\n<p>&#8222;Das war spitze !! Ich bin so froh, dich im Team zu haben&#8220; <\/p>\n\n\n\n<p>&#8222;Du warst gro\u00dfartig! Es war kompetent, \u00fcbersichtlich und charmant&#8220;<\/p>\n\n\n\n<p>&#8222;Super Pr\u00e4sentation! Wirklich toll gemacht, super \u00fcbersichtlich und anschaulich pr\u00e4sentiert <br>  hat mir au\u00dferordentlich gut gefallen!&#8220;<\/p>\n\n\n\n<p><\/p>\n","protected":false},"excerpt":{"rendered":"<p>&#8222;Es ist so leicht dir zuzuh\u00f6ren&#8220; &#8222;Das war spitze !! Ich bin so froh, dich im Team zu haben&#8220; &#8222;Du warst gro\u00dfartig! Es war kompetent, \u00fcbersichtlich und charmant&#8220; &#8222;Super Pr\u00e4sentation! Wirklich toll gemacht, super \u00fcbersichtlich und anschaulich pr\u00e4sentiert hat mir au\u00dferordentlich gut gefallen!&#8220;<\/p>\n","protected":false},"author":1,"featured_media":0,"parent":0,"menu_order":0,"comment_status":"closed","ping_status":"closed","template":"","meta":{"_acf_changed":false,"footnotes":""},"class_list":["post-414","page","type-page","status-publish","hentry"],"acf":[],"_links":{"self":[{"href":"https:\/\/optimistic-cloud.at\/index.php?rest_route=\/wp\/v2\/pages\/414","targetHints":{"allow":["GET"]}}],"collection":[{"href":"https:\/\/optimistic-cloud.at\/index.php?rest_route=\/wp\/v2\/pages"}],"about":[{"href":"https:\/\/optimistic-cloud.at\/index.php?rest_route=\/wp\/v2\/types\/page"}],"author":[{"embeddable":true,"href":"https:\/\/optimistic-cloud.at\/index.php?rest_route=\/wp\/v2\/users\/1"}],"replies":[{"embeddable":true,"href":"https:\/\/optimistic-cloud.at\/index.php?rest_route=%2Fwp%2Fv2%2Fcomments&post=414"}],"version-history":[{"count":5,"href":"https:\/\/optimistic-cloud.at\/index.php?rest_route=\/wp\/v2\/pages\/414\/revisions"}],"predecessor-version":[{"id":430,"href":"https:\/\/optimistic-cloud.at\/index.php?rest_route=\/wp\/v2\/pages\/414\/revisions\/430"}],"wp:attachment":[{"href":"https:\/\/optimistic-cloud.at\/index.php?rest_route=%2Fwp%2Fv2%2Fmedia&parent=414"}],"curies":[{"name":"wp","href":"https:\/\/api.w.org\/{rel}","templated":true}]}}