{"id":568,"date":"2022-05-09T17:37:31","date_gmt":"2022-05-09T17:37:31","guid":{"rendered":"https:\/\/optimistic-cloud.at\/?page_id=568"},"modified":"2022-05-09T17:40:50","modified_gmt":"2022-05-09T17:40:50","slug":"woerter-fuer-dein-herzblut","status":"publish","type":"page","link":"https:\/\/optimistic-cloud.at\/?page_id=568","title":{"rendered":"W\u00f6rter f\u00fcr dein Herzblut"},"content":{"rendered":"\n<p class=\"has-text-align-center\">Du bist \u00fcberzeugt davon, dass das was du m\u00f6chtest goldrichtig ist?<br>Du bist \u00dcberzeugt von dir und dem was du tust?<br>Du brennst f\u00fcr dein Unternehmen, deine Abteilung, deine Leidenschaft oder was auch immer dir Freude bereitet ?<br><br>M\u00f6chtest diese Leidenschaft, Visionen und dieses \u201cWarum\u201d auch kommunizieren ?<\/p>\n\n\n\n<p class=\"has-text-align-center\">Manchmal hat man selbst die Meinung, dass andere, beim lesen oder auch zuh\u00f6ren, ja eigentlich genau die gleiche<br>Leidenschaft wie man selbst haben m\u00fcsste. Gleiche Sichtweise und nat\u00fcrlich auch zwischen den Zeilen diese Emotionen sp\u00fcren und sofort Feuer und Flamme sind.<br><br>Leider stehen wir uns hier das ein oder andere mal selbst im Weg.<br><br>Entweder scheuen wir uns davor, es genauso zu kommunizieren wie wir es uns denken, finden vielleicht auch nicht die richtigen W\u00f6rter oder unser roten Faden ist der Meinung eine Pause machen zu m\u00fcssen.<\/p>\n\n\n\n<p class=\"has-text-align-center\">Kommunizieren das was dir wichtig ist, was du vermitteln m\u00f6chtest und was du erschaffen m\u00f6chtest.<\/p>\n\n\n\n<p class=\"has-text-align-center\"><\/p>\n\n\n\n<p class=\"has-text-align-center\"><a href=\"https:\/\/optimistic-cloud.at\/?page_id=282\">Wie kann ich dich bei deinem Herzblut unterst\u00fctzen ? <\/a><\/p>\n","protected":false},"excerpt":{"rendered":"<p>Du bist \u00fcberzeugt davon, dass das was du m\u00f6chtest goldrichtig ist?Du bist \u00dcberzeugt von dir und dem was du tust?Du brennst f\u00fcr dein Unternehmen, deine Abteilung, deine Leidenschaft oder was auch immer dir Freude bereitet ? M\u00f6chtest diese Leidenschaft, Visionen und dieses \u201cWarum\u201d auch kommunizieren ? Manchmal hat man selbst die Meinung, dass andere, beim<\/p><\/div>\n<div class=\"blog-btn\"><a href=\"https:\/\/optimistic-cloud.at\/?page_id=568\" class=\"home-blog-btn\">Weiterlesen<\/a><\/p>\n","protected":false},"author":1,"featured_media":0,"parent":0,"menu_order":0,"comment_status":"closed","ping_status":"closed","template":"","meta":{"_acf_changed":false,"footnotes":""},"class_list":["post-568","page","type-page","status-publish","hentry"],"acf":[],"_links":{"self":[{"href":"https:\/\/optimistic-cloud.at\/index.php?rest_route=\/wp\/v2\/pages\/568","targetHints":{"allow":["GET"]}}],"collection":[{"href":"https:\/\/optimistic-cloud.at\/index.php?rest_route=\/wp\/v2\/pages"}],"about":[{"href":"https:\/\/optimistic-cloud.at\/index.php?rest_route=\/wp\/v2\/types\/page"}],"author":[{"embeddable":true,"href":"https:\/\/optimistic-cloud.at\/index.php?rest_route=\/wp\/v2\/users\/1"}],"replies":[{"embeddable":true,"href":"https:\/\/optimistic-cloud.at\/index.php?rest_route=%2Fwp%2Fv2%2Fcomments&post=568"}],"version-history":[{"count":3,"href":"https:\/\/optimistic-cloud.at\/index.php?rest_route=\/wp\/v2\/pages\/568\/revisions"}],"predecessor-version":[{"id":575,"href":"https:\/\/optimistic-cloud.at\/index.php?rest_route=\/wp\/v2\/pages\/568\/revisions\/575"}],"wp:attachment":[{"href":"https:\/\/optimistic-cloud.at\/index.php?rest_route=%2Fwp%2Fv2%2Fmedia&parent=568"}],"curies":[{"name":"wp","href":"https:\/\/api.w.org\/{rel}","templated":true}]}}