{"id":689,"date":"2022-05-17T18:52:17","date_gmt":"2022-05-17T18:52:17","guid":{"rendered":"https:\/\/optimistic-cloud.at\/?page_id=689"},"modified":"2022-05-21T11:08:53","modified_gmt":"2022-05-21T11:08:53","slug":"there-is-no-elevator-to-success","status":"publish","type":"page","link":"https:\/\/optimistic-cloud.at\/?page_id=689","title":{"rendered":"&#8222;There is no elevator to success &#8230; &#8222;"},"content":{"rendered":"\n<figure class=\"wp-block-image size-large is-resized is-style-default\"><img fetchpriority=\"high\" decoding=\"async\" src=\"https:\/\/optimistic-cloud.at\/wp-content\/uploads\/2020\/12\/elevator-1024x1024.jpg\" alt=\"\" class=\"wp-image-251\" width=\"512\" height=\"512\" srcset=\"https:\/\/optimistic-cloud.at\/wp-content\/uploads\/2020\/12\/elevator-1024x1024.jpg 1024w, https:\/\/optimistic-cloud.at\/wp-content\/uploads\/2020\/12\/elevator-300x300.jpg 300w, https:\/\/optimistic-cloud.at\/wp-content\/uploads\/2020\/12\/elevator-150x150.jpg 150w, https:\/\/optimistic-cloud.at\/wp-content\/uploads\/2020\/12\/elevator-768x767.jpg 768w, https:\/\/optimistic-cloud.at\/wp-content\/uploads\/2020\/12\/elevator.jpg 1080w\" sizes=\"(max-width: 512px) 100vw, 512px\" \/><\/figure>\n\n\n\n<p>&#8230; you have to take the stairs&nbsp;!<\/p>\n\n\n\n<p>Und zwar jede einzelne ! Langsam ! Und erst weiter wenn man halbwegs sicher steht !<\/p>\n\n\n\n<p>Mir konnte es nie schnell genug sein. Am liebsten h\u00e4tte ich gehabt, wenn mir jemand jene Themen, welche mich interessieren, auf einmal in mein Gehirn eintrichtert.<\/p>\n\n\n\n<p>Ich h\u00e4tte gerne alles gewu\u00dft und an Erfahrung gehabt ohne jemals in ein Fettn\u00e4pfchen gesprungen zu sein.<\/p>\n\n\n\n<p>Alles \u2013 sofort !<\/p>\n\n\n\n<p>Geht nicht \u2013 gibts! Hier !<\/p>\n\n\n\n<p>Wenn es um Fettn\u00e4pfchen geht, dann nehme ich sogar noch Anlauf und ja mit vollem Elan und beiden Beinen darin zu landen.<\/p>\n\n\n\n<p>Egal um was es geht.<br>Egal wann.<br>Egal wo.<br>Sobald auch nur das geringste Anzeichen eines Fettn\u00e4pfchens ist renne ich los. Im nachhinein betrachtet bin ich jedem Fettn\u00e4pfchen dankbar. Jedem auf die Lippe beissen und jedem \u201eOK ich gehe nun einfach raus\u201c und jedem geistigen \u201eOutsch\u201c mit Sprechblase. Mittlerweile erkenne ich Fettn\u00e4pfchen und mittlerweile hab ich es geschafft, manchmal auf meine innere Stimme zu h\u00f6ren.<br>Sehr oft warnt sie mich \u201esag das nun nicht\u201c w\u00e4hrend es in der Mitte diesen Satzes schon aus mir raussprudelt.&nbsp;<\/p>\n\n\n\n<p>Jedes Fettn\u00e4pfchen ist eine Stufe<br>Jeder gelesene Artikel zu einem Thema ist eine Stufe&nbsp;<br>Jedes Gespr\u00e4ch zu einem Thema ist eine Stufe&nbsp;<br>Jede Blutige Nase ist eine Stufe<br>Jeder Erfolg ist eine Stufe&nbsp;<br>Jeds Ooooops ist eine Stufe&nbsp;<\/p>\n\n\n\n<p>Hier k\u00f6nnte man meinen, war es Anfangs ein Aufzug weil die Lernkurve hinaufgeht und gegen Ende eine Treppe. In diesem Aufzug&nbsp;? In diesem Thema ? Also war es im Endeffekt auch die Treppe aber in einer Aufzugszeit &#x1f642; Manche Stufen k\u00f6nnen schneller gegangen werden und bei manchen gibt es eine kurze Pause bis es zur n\u00e4chsten Stufe weiter geht.&nbsp;<\/p>\n\n\n\n<p>Ich habe gelernt \u2013 st\u00e4ndig \u2013 immer \u2013 B\u00fccher gelesen \u2013 mit Kollegen und meinem Netzwerk auszutauschen \u2013 Kurse und Schulungen zu besuchen \u2013 aus Fehlern gelernt \u2013 aus probieren gelernt \u2013 aus abschauen gelernt \u2013 sogar aus schummeln gelernt \u2013 aus imitieren gelernt \u2013 von Vorbildern gelernt \u2013 Mentoren gelernt \u2013 aus weiteren Fehlern gelernt \u2013 in mich und mein Wissen investiert<\/p>\n\n\n\n<p>Aber all dies w\u00e4re ohne die Chance es zu probieren nie entstanden.<\/p>\n\n\n\n<p>Und ratet mal, wessen Aufgabe es ist diese Chancen zu vergeben und etwas daraus zu machen ?<\/p>\n\n\n\n<p><\/p>\n\n\n<ol class=\"has-avatars has-dates has-excerpts wp-block-latest-comments\"><li class=\"wp-block-latest-comments__comment\"><img alt='' src='https:\/\/secure.gravatar.com\/avatar\/ca8a353ae5daeab50f40fe1eaec95cc058ef68803e1276d80034462367641573?s=48&#038;d=mm&#038;r=g' srcset='https:\/\/secure.gravatar.com\/avatar\/ca8a353ae5daeab50f40fe1eaec95cc058ef68803e1276d80034462367641573?s=96&#038;d=mm&#038;r=g 2x' class='img-responsive rounded-circle avatar-48 photo wp-block-latest-comments__comment-avatar' height='48' width='48' \/><article><footer class=\"wp-block-latest-comments__comment-meta\"><span class=\"wp-block-latest-comments__comment-author\">Jarrett Vlk<\/span> zu <a class=\"wp-block-latest-comments__comment-link\" href=\"https:\/\/optimistic-cloud.at\/?p=305#comment-23\">(kein Titel)<\/a><time datetime=\"2022-07-20T02:04:30+00:00\" class=\"wp-block-latest-comments__comment-date\">Juli 20, 2022<\/time><\/footer><div class=\"wp-block-latest-comments__comment-excerpt\"><p>Great post. I will be experiencing some of these issues as well.. Jarrett Vlk<\/p>\n<\/div><\/article><\/li><li class=\"wp-block-latest-comments__comment\"><img alt='' src='https:\/\/secure.gravatar.com\/avatar\/aa894e5e7c3cd3547206ad489f389d2457101b6d4bc98b78ad5326b0abc97571?s=48&#038;d=mm&#038;r=g' srcset='https:\/\/secure.gravatar.com\/avatar\/aa894e5e7c3cd3547206ad489f389d2457101b6d4bc98b78ad5326b0abc97571?s=96&#038;d=mm&#038;r=g 2x' class='img-responsive rounded-circle avatar-48 photo wp-block-latest-comments__comment-avatar' height='48' width='48' \/><article><footer class=\"wp-block-latest-comments__comment-meta\"><span class=\"wp-block-latest-comments__comment-author\">Sol Erle<\/span> zu <a class=\"wp-block-latest-comments__comment-link\" href=\"https:\/\/optimistic-cloud.at\/?p=305#comment-19\">(kein Titel)<\/a><time datetime=\"2022-07-17T13:11:48+00:00\" class=\"wp-block-latest-comments__comment-date\">Juli 17, 2022<\/time><\/footer><div class=\"wp-block-latest-comments__comment-excerpt\"><p>What a information of un-ambiguity and preserveness of valuable experience on the topic of unpredicted feelings. Sol Erle<\/p>\n<\/div><\/article><\/li><li class=\"wp-block-latest-comments__comment\"><img alt='' src='https:\/\/secure.gravatar.com\/avatar\/?s=48&#038;d=mm&#038;r=g' srcset='https:\/\/secure.gravatar.com\/avatar\/?s=96&#038;d=mm&#038;r=g 2x' class='img-responsive rounded-circle avatar-48 photo avatar-default wp-block-latest-comments__comment-avatar' height='48' width='48' \/><article><footer class=\"wp-block-latest-comments__comment-meta\"><span class=\"wp-block-latest-comments__comment-author\">C\u00e9sar Bille<\/span> zu <a class=\"wp-block-latest-comments__comment-link\" href=\"https:\/\/optimistic-cloud.at\/?p=305#comment-14\">(kein Titel)<\/a><time datetime=\"2022-06-08T23:34:17+00:00\" class=\"wp-block-latest-comments__comment-date\">Juni 8, 2022<\/time><\/footer><div class=\"wp-block-latest-comments__comment-excerpt\"><p>Everything is very open with a clear description of the issues. It was really informative. Your site is extremely helpful.&hellip;<\/p>\n<\/div><\/article><\/li><li class=\"wp-block-latest-comments__comment\"><img alt='' src='https:\/\/secure.gravatar.com\/avatar\/?s=48&#038;d=mm&#038;r=g' srcset='https:\/\/secure.gravatar.com\/avatar\/?s=96&#038;d=mm&#038;r=g 2x' class='img-responsive rounded-circle avatar-48 photo avatar-default wp-block-latest-comments__comment-avatar' height='48' width='48' \/><article><footer class=\"wp-block-latest-comments__comment-meta\"><span class=\"wp-block-latest-comments__comment-author\">Stanton<\/span> zu <a class=\"wp-block-latest-comments__comment-link\" href=\"https:\/\/optimistic-cloud.at\/?p=305#comment-13\">(kein Titel)<\/a><time datetime=\"2022-05-30T08:08:10+00:00\" class=\"wp-block-latest-comments__comment-date\">Mai 30, 2022<\/time><\/footer><div class=\"wp-block-latest-comments__comment-excerpt\"><p>Hi there, after reading this remarkable paragraph i am too delighted to share my familiarity here with friends. Stanton Pauly<\/p>\n<\/div><\/article><\/li><li class=\"wp-block-latest-comments__comment\"><img alt='' src='https:\/\/secure.gravatar.com\/avatar\/?s=48&#038;d=mm&#038;r=g' srcset='https:\/\/secure.gravatar.com\/avatar\/?s=96&#038;d=mm&#038;r=g 2x' class='img-responsive rounded-circle avatar-48 photo avatar-default wp-block-latest-comments__comment-avatar' height='48' width='48' \/><article><footer class=\"wp-block-latest-comments__comment-meta\"><span class=\"wp-block-latest-comments__comment-author\">Jeromy<\/span> zu <a class=\"wp-block-latest-comments__comment-link\" href=\"https:\/\/optimistic-cloud.at\/?p=305#comment-12\">(kein Titel)<\/a><time datetime=\"2022-05-27T20:06:40+00:00\" class=\"wp-block-latest-comments__comment-date\">Mai 27, 2022<\/time><\/footer><div class=\"wp-block-latest-comments__comment-excerpt\"><p>Hello. This post was extremely fascinating, particularly because I was browsing for thoughts on this subject last week. Jeromy Mention<\/p>\n<\/div><\/article><\/li><\/ol>\n\n","protected":false},"excerpt":{"rendered":"<p>&#8230; you have to take the stairs&nbsp;! Und zwar jede einzelne ! Langsam ! Und erst weiter wenn man halbwegs sicher steht ! Mir konnte es nie schnell genug sein. Am liebsten h\u00e4tte ich gehabt, wenn mir jemand jene Themen, welche mich interessieren, auf einmal in mein Gehirn eintrichtert. Ich h\u00e4tte gerne alles gewu\u00dft und<\/p><\/div>\n<div class=\"blog-btn\"><a href=\"https:\/\/optimistic-cloud.at\/?page_id=689\" class=\"home-blog-btn\">Weiterlesen<\/a><\/p>\n","protected":false},"author":1,"featured_media":0,"parent":0,"menu_order":0,"comment_status":"closed","ping_status":"closed","template":"","meta":{"_acf_changed":false,"footnotes":""},"class_list":["post-689","page","type-page","status-publish","hentry"],"acf":[],"_links":{"self":[{"href":"https:\/\/optimistic-cloud.at\/index.php?rest_route=\/wp\/v2\/pages\/689","targetHints":{"allow":["GET"]}}],"collection":[{"href":"https:\/\/optimistic-cloud.at\/index.php?rest_route=\/wp\/v2\/pages"}],"about":[{"href":"https:\/\/optimistic-cloud.at\/index.php?rest_route=\/wp\/v2\/types\/page"}],"author":[{"embeddable":true,"href":"https:\/\/optimistic-cloud.at\/index.php?rest_route=\/wp\/v2\/users\/1"}],"replies":[{"embeddable":true,"href":"https:\/\/optimistic-cloud.at\/index.php?rest_route=%2Fwp%2Fv2%2Fcomments&post=689"}],"version-history":[{"count":7,"href":"https:\/\/optimistic-cloud.at\/index.php?rest_route=\/wp\/v2\/pages\/689\/revisions"}],"predecessor-version":[{"id":702,"href":"https:\/\/optimistic-cloud.at\/index.php?rest_route=\/wp\/v2\/pages\/689\/revisions\/702"}],"wp:attachment":[{"href":"https:\/\/optimistic-cloud.at\/index.php?rest_route=%2Fwp%2Fv2%2Fmedia&parent=689"}],"curies":[{"name":"wp","href":"https:\/\/api.w.org\/{rel}","templated":true}]}}