{"id":852,"date":"2022-10-12T18:38:48","date_gmt":"2022-10-12T18:38:48","guid":{"rendered":"https:\/\/optimistic-cloud.at\/?page_id=852"},"modified":"2022-10-12T19:08:54","modified_gmt":"2022-10-12T19:08:54","slug":"pssst-einfach-nur-zuhoeren-und-hinschauen","status":"publish","type":"page","link":"https:\/\/optimistic-cloud.at\/?page_id=852","title":{"rendered":"pssst &#8230;.. einfach nur zuh\u00f6ren und hinschauen!"},"content":{"rendered":"\n<figure class=\"wp-block-image size-large\"><img fetchpriority=\"high\" decoding=\"async\" width=\"1024\" height=\"576\" src=\"https:\/\/optimistic-cloud.at\/wp-content\/uploads\/2022\/10\/IMG_6297-1024x576.jpg\" alt=\"\" class=\"wp-image-853\" srcset=\"https:\/\/optimistic-cloud.at\/wp-content\/uploads\/2022\/10\/IMG_6297-1024x576.jpg 1024w, https:\/\/optimistic-cloud.at\/wp-content\/uploads\/2022\/10\/IMG_6297-300x169.jpg 300w, https:\/\/optimistic-cloud.at\/wp-content\/uploads\/2022\/10\/IMG_6297-768x432.jpg 768w, https:\/\/optimistic-cloud.at\/wp-content\/uploads\/2022\/10\/IMG_6297-1536x864.jpg 1536w, https:\/\/optimistic-cloud.at\/wp-content\/uploads\/2022\/10\/IMG_6297-2048x1152.jpg 2048w\" sizes=\"(max-width: 1024px) 100vw, 1024px\" \/><figcaption>Einfach nur zuh\u00f6ren ! <\/figcaption><\/figure>\n\n\n\n<p>Ich habe dieses Bild in Griechenland dieses Jahr gemacht. Es war ein Zufall, diesen Ort \u00fcberhaupt entdeckt zu haben, da nur eine schmale Stra\u00dfe, an welcher man schnell vorbeif\u00e4hrt, zu diesem Ort f\u00fchrt. <br><br>Sp\u00e4ter komme ich nochmals zu diesem Bild zur\u00fcck. <\/p>\n\n\n\n<p>Schmerzlich musste ich vor etlichen Jahren erfahren, welche Konsequenzen es haben kann, wenn NICHT richtig zugeh\u00f6rt wird. Es gab damals, vor vielen vielen Jahren immer wieder das rumoren und die Ger\u00fcchte, dass das Unternehmen verkauft werden w\u00fcrde. <\/p>\n\n\n\n<p>Eines Tages kam mein Chef ins B\u00fcro, mit Anzug und sehr &#8222;rausgeputzt&#8220;. Ich war in meine Arbeit vertieft, schaute kurz und auf &#8211; fragte ihn &#8222;Na, was hast du denn heute vor?&#8220; und drehte mich wieder meinem Monitor zu. Ich habe weder auf die Antwort gewartet noch ihr wirklich zugeh\u00f6rt. Mein damaliger Chef redete noch etwas mit meinen Kollegen, das k\u00f6nnte ich so &#8222;nebenbei&#8220; mitbekommen. <\/p>\n\n\n\n<p>Ich merkte auch, dass er ging &#8211; sah von meinem Monitor weg &#8211; schaute ihn an und sagte &#8222;Mach sie fertig und zeig ihnen wie es lang geht&#8220; im Hinterkopf, nat\u00fcrlich die Ger\u00fcchtek\u00fcche mit einer \u00dcbernahme. <\/p>\n\n\n\n<p>Schweigen im ganzen B\u00fcro. <\/p>\n\n\n\n<p>Ich blickte mich um. <\/p>\n\n\n\n<p>Mein Chef schaute mich an und sagte &#8222;Alex, ich habe dir vorhin gesagt, dass ich auf ein Begr\u00e4bnis fahre und die Person schon &#8222;fertig&#8220; ist&#8220;. <\/p>\n\n\n\n<p>Ich sah ihn an &#8211; wollte in den Erdboden verschwinden &#8211; schaute wieder in den Monitor und sch\u00e4mte mich in Grund und Boden. <\/p>\n\n\n\n<p>Es war mir so unangenehm und ging mir wirklich durch Mark und Knochen. <\/p>\n\n\n\n<p>Ich stellte die Frage beil\u00e4ufig, ohne auf die Antwort zu warten und hab dann noch den umpassendsten Kommentar abgegeben. Es war &#8211; Respektlos -. <\/p>\n\n\n\n<p>Seither, widme ich meinem Gegen\u00fcber in einem Gespr\u00e4ch oder bei der Frage &#8222;Wie geht es&#8220; meine ungeteilte Aufmerksamkeit. Wenn ich kein Interesse an der Antwort hatte, dann fragte ich auch nur aus reiner H\u00f6flichkeit nicht. <\/p>\n\n\n\n<p>Es ist so unendlich wichtig, in einem Gespr\u00e4ch pr\u00e4sent zu sein, da zu sein. Nicht st\u00e4ndig auf die Uhr, auf das Handy, den Monitor oder auch das Handy zu sehen. Das einzige, worauf man schauen muss, sind die Augen des Gegen\u00fcbers. <br>Wir selbst werden gerne wirklich von anderen gesehen und genau diese Wertsch\u00e4tzung sollten wir auch anderen zu teil werden lassen. <\/p>\n\n\n\n<p>Nat\u00fcrlich, wenn ein wichtiger Anruf kommt, dann kann man nach einer Entschuldigung rangehen und das Gespr\u00e4ch kurz auf &#8222;hold&#8220; stellen und nachher wieder ungeteilt weiter machen. Wenn ich mit dem Kopf gerade vertieft oder woanders bin, dann sage ich seitdem &#8222;Du, gibst du mir bitte 5 Minute dann bin ich gleich bei dir&#8220; oder &#8222;Gehen wir nachher einen Kaffee trinken ? Ich m\u00f6chte mich gerne mit mehr Ruhe und Zeit mit dir unterhalten&#8220; <\/p>\n\n\n\n<p>Ihr werdet auch sehen, wieviel ihr aufmerksam zwischen den Zeilen heraush\u00f6ren werdet. <br>Wieviel ihr euch von dem Gespr\u00e4ch merken werdet, da ihr wirklich zuh\u00f6rt! <br>Und, ihr werden h\u00f6ren, wieviel mehr euch euer Gegen\u00fcber erz\u00e4hlt. <\/p>\n\n\n\n<p>Deshalb, bei dem n\u00e4chsten Gespr\u00e4ch ist eure Aufmerksamkeit und euer Blick nur auf eines gerichtet: Auf die Worte eures Gegen\u00fcbers und die Augen eures Gegen\u00fcbers. <\/p>\n\n\n\n<p>Das vorhin erw\u00e4hnte Bild hat deshalb soviel Bedeutung f\u00fcr mich, weil es viel sch\u00f6nes zu sehen und noch mehr sch\u00f6nes zu h\u00f6ren gab. <br>Auf dem Strand lagen, vom Meer rundgeformte, etwa 2 Handfl\u00e4chen gro\u00dfe Steine. Bei jeder Welle h\u00f6rte man das rauschen der Welle und bei jedem R\u00fcckzug der Welle h\u00f6rte man das gleich m\u00e4ssige klackern der Steine welche durch das Meer bewegt wurden. <\/p>\n\n\n\n<p>Es war f\u00fcr mich einzigartig &#8211; diese Dumpfe &#8211; gleichm\u00e4ssige &#8211; rhythmisch grollen der Steine und das sanfte und festere rauschen des Meeres. Dies gepaart mit dem Anblick der Wellen welche sich auft\u00fcrmten, auf die Steine trafen und sich geschmeidig wieder zur\u00fcckzog. <\/p>\n\n\n\n<p>Beides zusammen hat eines ergeben &#8211; ein auditives und akkustisches Schauspiel. Ein Schauspiel welches man nur durch aktives hinsehen und hinh\u00f6ren erleben kann. <\/p>\n\n\n\n<p>Genauso ist es mit unseren Gespr\u00e4chen. <\/p>\n\n\n\n<p><\/p>\n","protected":false},"excerpt":{"rendered":"<p>Ich habe dieses Bild in Griechenland dieses Jahr gemacht. Es war ein Zufall, diesen Ort \u00fcberhaupt entdeckt zu haben, da nur eine schmale Stra\u00dfe, an welcher man schnell vorbeif\u00e4hrt, zu diesem Ort f\u00fchrt. Sp\u00e4ter komme ich nochmals zu diesem Bild zur\u00fcck. Schmerzlich musste ich vor etlichen Jahren erfahren, welche Konsequenzen es haben kann, wenn NICHT<\/p><\/div>\n<div class=\"blog-btn\"><a href=\"https:\/\/optimistic-cloud.at\/?page_id=852\" class=\"home-blog-btn\">Weiterlesen<\/a><\/p>\n","protected":false},"author":1,"featured_media":0,"parent":0,"menu_order":0,"comment_status":"closed","ping_status":"closed","template":"","meta":{"_acf_changed":false,"footnotes":""},"class_list":["post-852","page","type-page","status-publish","hentry"],"acf":[],"_links":{"self":[{"href":"https:\/\/optimistic-cloud.at\/index.php?rest_route=\/wp\/v2\/pages\/852","targetHints":{"allow":["GET"]}}],"collection":[{"href":"https:\/\/optimistic-cloud.at\/index.php?rest_route=\/wp\/v2\/pages"}],"about":[{"href":"https:\/\/optimistic-cloud.at\/index.php?rest_route=\/wp\/v2\/types\/page"}],"author":[{"embeddable":true,"href":"https:\/\/optimistic-cloud.at\/index.php?rest_route=\/wp\/v2\/users\/1"}],"replies":[{"embeddable":true,"href":"https:\/\/optimistic-cloud.at\/index.php?rest_route=%2Fwp%2Fv2%2Fcomments&post=852"}],"version-history":[{"count":2,"href":"https:\/\/optimistic-cloud.at\/index.php?rest_route=\/wp\/v2\/pages\/852\/revisions"}],"predecessor-version":[{"id":859,"href":"https:\/\/optimistic-cloud.at\/index.php?rest_route=\/wp\/v2\/pages\/852\/revisions\/859"}],"wp:attachment":[{"href":"https:\/\/optimistic-cloud.at\/index.php?rest_route=%2Fwp%2Fv2%2Fmedia&parent=852"}],"curies":[{"name":"wp","href":"https:\/\/api.w.org\/{rel}","templated":true}]}}