{"id":877,"date":"2023-05-07T11:25:11","date_gmt":"2023-05-07T11:25:11","guid":{"rendered":"https:\/\/optimistic-cloud.at\/?page_id=877"},"modified":"2023-05-07T11:57:20","modified_gmt":"2023-05-07T11:57:20","slug":"geht-es-dir-manchmal-zu-langsam","status":"publish","type":"page","link":"https:\/\/optimistic-cloud.at\/?page_id=877","title":{"rendered":"Geht es dir manchmal zu langsam ?"},"content":{"rendered":"\n<figure class=\"wp-block-image size-full\"><img fetchpriority=\"high\" decoding=\"async\" width=\"640\" height=\"640\" src=\"https:\/\/optimistic-cloud.at\/wp-content\/uploads\/2023\/05\/IMG_9943.jpg\" alt=\"\" class=\"wp-image-878\" srcset=\"https:\/\/optimistic-cloud.at\/wp-content\/uploads\/2023\/05\/IMG_9943.jpg 640w, https:\/\/optimistic-cloud.at\/wp-content\/uploads\/2023\/05\/IMG_9943-300x300.jpg 300w, https:\/\/optimistic-cloud.at\/wp-content\/uploads\/2023\/05\/IMG_9943-150x150.jpg 150w\" sizes=\"(max-width: 640px) 100vw, 640px\" \/><\/figure>\n\n\n\n<p><strong>&#8222;Mach es wie die Sonnenuhr, z\u00e4hle die heiteren Stunden nur&#8220;<\/strong> oder auch <strong>&#8222;Der Weg ist das Ziel&#8220;<\/strong> gefolgt von <strong>&#8222;Baue aus Steinen die dir im Weg liegen was sch\u00f6nes&#8220; <\/strong><\/p>\n\n\n\n<p>Kommt dir das bekannt vor ? Es gibt unendlich viele Weisheiten f\u00fcr den Weg zu einem Ziel. <\/p>\n\n\n\n<p>Doch was ist, wenn wir das Ziel &#8222;kennen&#8220; &#8211; also mit &#8222;kennen&#8220; meine ich, dass man eine Vision hat. Demnach wird es nicht &#8222;gekannt&#8220; sondern sich vorgestellt. Vorstellen, kann sich jeder alles und wenn nur fest daran geglaubt wird, manifestiert es sich und wird wahr. Puff &#8211; It&#8217;s Magic.  <\/p>\n\n\n\n<p><strong>&#8222;Aktiviere deine Magie&#8220; <\/strong>oder <strong>&#8222;Die Magie ist in dir selbst&#8220; <\/strong>oder auch<strong> &#8222;Kreiere deine eigene Magie&#8220; <\/strong><\/p>\n\n\n\n<p>Grob k\u00f6nnte nun dar\u00fcber gest\u00fclpt werden, dass alles sehr genial wird, wenn man nur auf dem Weg etwas sch\u00f6nes baut, nur die sch\u00f6nen Sachen sieht und genug Magie kreiert hat, damit es funktioniert. <\/p>\n\n\n\n<p><strong>&#8222;Du bist erst dann gescheitert, wenn du aufh\u00f6rst es zu versuchen&#8220; oder &#8222;Wer keine Fehler macht, macht vermutlich auch sonst nichts&#8220; <\/strong>oder auch<strong> &#8222;Jedes Scheitern ist ein Schritt zum Erfolg&#8220; <\/strong><\/p>\n\n\n\n<p>Moment &#8211; was ? Scheitern ? In meiner Vision scheitere ich nicht &#8211; in meiner Vision ist alles super Magic und perfekt. Perfekt im Sinne von, ich mach alles so wie ich es f\u00fcr richtig halte, mit ganz viel Passion und ganz Viel Freude. Und au\u00dferdem, funktioniert alles von alleine &#8211; es findet sich zusammen. Einfach so. <\/p>\n\n\n\n<p>Was jetzt also ? <\/p>\n\n\n\n<p>Nehmen wir den Feenschaub, die Magie und das alles einmal weg. Was bleibt ist der Weg &#8211; der Weg mit einer Achterbahn aus Erfolg sowie Misserfolg und dem schnellen Wechsel. Gute Laune und schlechte Laune sowie Zuversicht und Pessimismus. W\u00e4hrend unseres Weges bleiben wir auch mal stehen und steigen aus der Achterbahn aus. Sehen uns um &#8211; drehen uns &#8211; schauen hinauf in den Himmel &#8211; schauen wieder auf die Erde und verlangsamen. <\/p>\n\n\n\n<p>Stehen im Mittelpunkt und sehen 360\u00b0 um uns herum. <\/p>\n\n\n\n<p>Vielleicht zieht der Himmel zu einem d\u00fcsteren Gewitter zusammen. Vielleicht siehst du aber auf dem Weg vor dir eine Blume, welche aus einer Steinmauer w\u00e4chst. Obwohl es sich am Himmel zusammenzieht, findest du bei einer anderen Betrachtung etwas Sch\u00f6nes. <\/p>\n\n\n\n<p>Vielleicht hast du dich auch verlaufen und wenn du hinter dich siehst, dann siehst du nur ein Dickicht aus B\u00e4umen und Gestr\u00fcb. Du wunderst dich selbst, wie du da hindurchgekommen bist und drehst dich um. Vor dir ist der Weg offen, mit mehreren Abzweigungen und Lichtdurchflutet. Es kommt darauf an, wohin du deinen Blick wendest. <\/p>\n\n\n\n<p>Du siehst auf dein blutiges Knie &#8211; du bist \u00fcber einen Ast gestolpert, welchen du nicht gesehen hast, weil du gerade die schweren Wolken beobachtet hast. Du gingst voran hast aber woanders hingesehen. <\/p>\n\n\n\n<p>Ohne deinem stolpern h\u00e4ttest du auch die wundersch\u00f6ne Schnecke nicht gesehen und du bist dagelegen und hast sie beobachtet. Hast ihr zugesehen, wie sie sich vor Schreck in ihr H\u00e4uschen verzogen hat und langsam ihre Augen immer wieder rausblitzeln lies. Nach einiger Zeit siehst du sie wieder im ganzen und schaust ihrem Weg zu. Langsam schiebt sie sich \u00fcber den Boden unter ihr. Du siehst ihr neugierig zu und fragst dich, welche Strecke sie heute wohl schon hinter sich hat. <br><br>Nach ein paar Minuten drehst du dich wieder um und siehst zum Himmel. <\/p>\n\n\n\n<p>Siehst die kleine Lichtung zwischen den schweren schwarzen Wolken und die Sonne funkelt hindurch. <\/p>\n\n\n\n<p>Du erinnerst dich daran, putzt den Dreck wieder von deinem Knie und marschierst weiter. <\/p>\n\n\n\n<p><\/p>\n\n\n\n<p>Egal ob im Business Kontext oder auf deinem pers\u00f6nlichen Weg es wird immer ein auf und ab ein stehen bleiben und drehen bedeuten. <\/p>\n\n\n\n<p>Auch stellt sich die Frage welchen zeitlichen Horizont du betrachtest &#8211; 1 Tag &#8211; 1 Woche oder 1 Jahr. Je nachdem \u00e4ndert sich auch der Blickwinkel auf dein &#8222;langsam&#8220; und du wirst sehen, dass dein Weg nicht langsam, sondern nur ein auf und ab, bedeutet. <\/p>\n\n\n\n<p>Z\u00e4hle nicht nur die sch\u00f6nen Stunden, sondern lerne auch von den regnerischen Stunden. Nimm dir die Zeit inne zu halten, wenn dir etwas im Weg liegt. Solltest du es liegen lassen und weitergehen ? Solltest du es umformen und mitnehmen? Dar\u00fcber steigen oder umrunden ? Fliegst du doch mal hin &#8211; war es aufgrund einer falschen Entscheidung ? Wieso war sie falsch ? Wof\u00fcr war sie gut und was hat sich dich gelernt ? Wenn du deine Vision betrachtest &#8211; was ist daf\u00fcr notwendig ? Was brauchst du noch um ihr einen Schritt n\u00e4her zu kommen ? Wer kann dich dabei auch unterst\u00fctzen, damit du nicht alles alleine gehen musst ? Was musst du hingegen alleine gehen ? <\/p>\n\n\n\n<p>Auf deinem Weg liegt so vieles und f\u00fcr es lohnt es sich die Zeit zu nehmen. <\/p>\n\n\n\n<p>Wenn es dir das n\u00e4chste Mal zu langsam geht &#8211; denke an deine Schnecke! <\/p>\n\n\n\n<p><\/p>\n\n\n\n<p><\/p>\n","protected":false},"excerpt":{"rendered":"<p>&#8222;Mach es wie die Sonnenuhr, z\u00e4hle die heiteren Stunden nur&#8220; oder auch &#8222;Der Weg ist das Ziel&#8220; gefolgt von &#8222;Baue aus Steinen die dir im Weg liegen was sch\u00f6nes&#8220; Kommt dir das bekannt vor ? Es gibt unendlich viele Weisheiten f\u00fcr den Weg zu einem Ziel. Doch was ist, wenn wir das Ziel &#8222;kennen&#8220; &#8211;<\/p><\/div>\n<div class=\"blog-btn\"><a href=\"https:\/\/optimistic-cloud.at\/?page_id=877\" class=\"home-blog-btn\">Weiterlesen<\/a><\/p>\n","protected":false},"author":1,"featured_media":0,"parent":0,"menu_order":0,"comment_status":"closed","ping_status":"closed","template":"","meta":{"_acf_changed":false,"footnotes":""},"class_list":["post-877","page","type-page","status-publish","hentry"],"acf":[],"_links":{"self":[{"href":"https:\/\/optimistic-cloud.at\/index.php?rest_route=\/wp\/v2\/pages\/877","targetHints":{"allow":["GET"]}}],"collection":[{"href":"https:\/\/optimistic-cloud.at\/index.php?rest_route=\/wp\/v2\/pages"}],"about":[{"href":"https:\/\/optimistic-cloud.at\/index.php?rest_route=\/wp\/v2\/types\/page"}],"author":[{"embeddable":true,"href":"https:\/\/optimistic-cloud.at\/index.php?rest_route=\/wp\/v2\/users\/1"}],"replies":[{"embeddable":true,"href":"https:\/\/optimistic-cloud.at\/index.php?rest_route=%2Fwp%2Fv2%2Fcomments&post=877"}],"version-history":[{"count":3,"href":"https:\/\/optimistic-cloud.at\/index.php?rest_route=\/wp\/v2\/pages\/877\/revisions"}],"predecessor-version":[{"id":890,"href":"https:\/\/optimistic-cloud.at\/index.php?rest_route=\/wp\/v2\/pages\/877\/revisions\/890"}],"wp:attachment":[{"href":"https:\/\/optimistic-cloud.at\/index.php?rest_route=%2Fwp%2Fv2%2Fmedia&parent=877"}],"curies":[{"name":"wp","href":"https:\/\/api.w.org\/{rel}","templated":true}]}}