{"id":97,"date":"2020-12-19T23:45:50","date_gmt":"2020-12-19T23:45:50","guid":{"rendered":"https:\/\/optimistic-cloud.at\/?page_id=97"},"modified":"2022-05-09T17:13:59","modified_gmt":"2022-05-09T17:13:59","slug":"communication","status":"publish","type":"page","link":"https:\/\/optimistic-cloud.at\/?page_id=97","title":{"rendered":"In deinen W\u00f6rtern steckt die Magie"},"content":{"rendered":"\n<p>Mit W\u00f6rtern, und dabei ist es nicht von Bedeutung ob sie geschrieben, gedacht oder gesprochen sind, k\u00f6nnen wir einfach alles. <br><br>Wir k\u00f6nnen &#8230;. <\/p>\n\n\n\n<p class=\"has-text-align-center\">&#8230; verzaubern<br>&#8230; kreieren<br>&#8230; verletzen<br>&#8230; aufbauen <br>&#8230; Emotionen wecken und entfachen<br>&#8230; Visionen erschaffen<br>&#8230; motivieren<br>&#8230; Freude bereiten <br>&#8230; ehrlich sein <br>&#8230; uns verteidigen <br>&#8230; uns sch\u00fctzen<br>&#8230; uns selbst gr\u00f6\u00dfer machen<br>&#8230; Stimmungen beeinflussen <br>&#8230; Raum schaffen <br>&#8230; Bewusstsein schaffen <br>&#8230; andere Begeistern <br>&#8230; Unsicherheiten schaffen <br>&#8230; Stabilit\u00e4t und Sicherheit geben <br>&#8230; Strukturen schaffen<br><br>Wir k\u00f6nnen mit Worten so vieles und doch nehmen wir uns nicht die Zeit daf\u00fcr. Wir nehmen uns nicht die Zeit zu \u00fcberlegen was wir wie kommunizieren. Wir nehmen uns nicht die Zeit Geschichten um eine notwendige Ver\u00e4nderung zu erz\u00e4hlen. Wir nehmen uns nicht die Zeit unser &#8222;warum&#8220; richtig auszudr\u00fccken. <br><br>Alles um uns herum \u00e4ndert sich wahnsinnig schnell und wir sind getrieben von &#8222;Dingen schnell und zwischendurch&#8220; <br>zu erledigen. Halbherzig, unbedacht und aus einer aktuellen Emotion heraus. Wir lesen die Informationen die wir bekommen mit unseren Emotionen anstatt sie neutral zu beobachten. <br><br>Wieviel w\u00e4re vermeidbar, wenn wir uns die Minute mehr nehmen um richtig zu kommunizieren ? Die Zeit, welche ich dann zum &#8222;gl\u00e4tten der Wogen&#8220; aufbringen muss, ist vorher, eindeutig besser investiert. <br><br><a href=\"https:\/\/optimistic-cloud.at\/?page_id=282&amp;customize_changeset_uuid=55cd1e4b-5437-4af2-a25f-26cde3beff6c&amp;customize_autosaved=on\">Wie kann ich dir bei deiner Magie behilflich sein ? <\/a><\/p>\n\n\n\n<p> <\/p>\n\n\n\n<p><\/p>\n\n\n\n<p><\/p>\n","protected":false},"excerpt":{"rendered":"<p>Mit W\u00f6rtern, und dabei ist es nicht von Bedeutung ob sie geschrieben, gedacht oder gesprochen sind, k\u00f6nnen wir einfach alles. Wir k\u00f6nnen &#8230;. &#8230; verzaubern&#8230; kreieren&#8230; verletzen&#8230; aufbauen &#8230; Emotionen wecken und entfachen&#8230; Visionen erschaffen&#8230; motivieren&#8230; Freude bereiten &#8230; ehrlich sein &#8230; uns verteidigen &#8230; uns sch\u00fctzen&#8230; uns selbst gr\u00f6\u00dfer machen&#8230; Stimmungen beeinflussen &#8230; Raum<\/p><\/div>\n<div class=\"blog-btn\"><a href=\"https:\/\/optimistic-cloud.at\/?page_id=97\" class=\"home-blog-btn\">Weiterlesen<\/a><\/p>\n","protected":false},"author":1,"featured_media":0,"parent":0,"menu_order":0,"comment_status":"closed","ping_status":"closed","template":"","meta":{"_acf_changed":false,"footnotes":""},"class_list":["post-97","page","type-page","status-publish","hentry"],"acf":[],"_links":{"self":[{"href":"https:\/\/optimistic-cloud.at\/index.php?rest_route=\/wp\/v2\/pages\/97","targetHints":{"allow":["GET"]}}],"collection":[{"href":"https:\/\/optimistic-cloud.at\/index.php?rest_route=\/wp\/v2\/pages"}],"about":[{"href":"https:\/\/optimistic-cloud.at\/index.php?rest_route=\/wp\/v2\/types\/page"}],"author":[{"embeddable":true,"href":"https:\/\/optimistic-cloud.at\/index.php?rest_route=\/wp\/v2\/users\/1"}],"replies":[{"embeddable":true,"href":"https:\/\/optimistic-cloud.at\/index.php?rest_route=%2Fwp%2Fv2%2Fcomments&post=97"}],"version-history":[{"count":16,"href":"https:\/\/optimistic-cloud.at\/index.php?rest_route=\/wp\/v2\/pages\/97\/revisions"}],"predecessor-version":[{"id":547,"href":"https:\/\/optimistic-cloud.at\/index.php?rest_route=\/wp\/v2\/pages\/97\/revisions\/547"}],"wp:attachment":[{"href":"https:\/\/optimistic-cloud.at\/index.php?rest_route=%2Fwp%2Fv2%2Fmedia&parent=97"}],"curies":[{"name":"wp","href":"https:\/\/api.w.org\/{rel}","templated":true}]}}